{"id":15,"date":"2026-04-16T08:39:32","date_gmt":"2026-04-16T08:39:32","guid":{"rendered":"https:\/\/zkos.si\/index.php\/about\/"},"modified":"2026-04-16T10:56:54","modified_gmt":"2026-04-16T10:56:54","slug":"about","status":"publish","type":"page","link":"https:\/\/zkos.si\/index.php\/about\/","title":{"rendered":"O ZKOS"},"content":{"rendered":"<p>Zveza karate organizacij Slovenije je, kot krovna nacionalna zveza, delovala \u017ee med letom 1975 in 1991.<\/p>\n<p>Leta 2011 je obujena z namenom ureditve pogojev raznovrstnega delovanja. Karate je namre\u010d po svojem izvoru dejavnost z raznoterimi \u0161olami, stili, vadbenimi modeli in praksami, kar, poleg temeljnih kulturnih in demokrati\u010dnih na\u010del sodelovanja, terja tudi \u0161ir\u0161o avtonomijo \u010dlanic take zveze. Glavni cilj zveze, ki deluje tudi kot projektni konzorcij, je sodelovanje pri spremljanju razvoja in primerljivem uveljavljanju dobrih u\u010dinkov karateja, kot predvsem osebnega \u0161porta, ki v veliki meri prispeva k psihofizi\u010dnem razvoju otrok in mladostnikov ter osebnostni stabilizaciji odraslih.<\/p>\n","protected":false},"excerpt":{"rendered":"<p>Zveza karate organizacij Slovenije je, kot krovna nacionalna zveza, delovala \u017ee med letom 1975 in 1991. Leta 2011 je obujena z namenom ureditve pogojev raznovrstnega delovanja. Karate je namre\u010d po svojem izvoru dejavnost z raznoterimi \u0161olami, stili, vadbenimi modeli in praksami, kar, poleg temeljnih kulturnih in demokrati\u010dnih na\u010del sodelovanja, terja tudi \u0161ir\u0161o avtonomijo \u010dlanic take &hellip; <\/p>\n<p class=\"link-more\"><a href=\"https:\/\/zkos.si\/index.php\/about\/\" class=\"more-link\">Continue reading<span class=\"screen-reader-text\"> &#8220;O ZKOS&#8221;<\/span><\/a><\/p>\n","protected":false},"author":1,"featured_media":0,"parent":0,"menu_order":0,"comment_status":"closed","ping_status":"closed","template":"","meta":{"footnotes":""},"class_list":["post-15","page","type-page","status-publish","hentry"],"_links":{"self":[{"href":"https:\/\/zkos.si\/index.php\/wp-json\/wp\/v2\/pages\/15","targetHints":{"allow":["GET"]}}],"collection":[{"href":"https:\/\/zkos.si\/index.php\/wp-json\/wp\/v2\/pages"}],"about":[{"href":"https:\/\/zkos.si\/index.php\/wp-json\/wp\/v2\/types\/page"}],"author":[{"embeddable":true,"href":"https:\/\/zkos.si\/index.php\/wp-json\/wp\/v2\/users\/1"}],"replies":[{"embeddable":true,"href":"https:\/\/zkos.si\/index.php\/wp-json\/wp\/v2\/comments?post=15"}],"version-history":[{"count":3,"href":"https:\/\/zkos.si\/index.php\/wp-json\/wp\/v2\/pages\/15\/revisions"}],"predecessor-version":[{"id":68,"href":"https:\/\/zkos.si\/index.php\/wp-json\/wp\/v2\/pages\/15\/revisions\/68"}],"wp:attachment":[{"href":"https:\/\/zkos.si\/index.php\/wp-json\/wp\/v2\/media?parent=15"}],"curies":[{"name":"wp","href":"https:\/\/api.w.org\/{rel}","templated":true}]}}